{"id":2285,"date":"2014-09-12T18:25:27","date_gmt":"2014-09-12T16:25:27","guid":{"rendered":"https:\/\/www.tarongesnostres.cat\/botiga\/pack-citrics-2\/"},"modified":"2026-01-19T20:13:13","modified_gmt":"2026-01-19T19:13:13","slug":"pack-citricos","status":"publish","type":"product","link":"https:\/\/tarongesnostres.cat\/es\/botiga\/pack-citricos\/","title":{"rendered":"Pack C\u00edtricos"},"content":{"rendered":"<p><img loading=\"lazy\" decoding=\"async\" class=\"size-medium wp-image-2172 alignleft\" src=\"https:\/\/tarongesnostres.cat\/wp-content\/uploads\/\/Pack430x286-1-300x199.png\" alt=\"comprar taronges mandarines llimones\" width=\"300\" height=\"200\" \/><\/p>\n<h2><strong><span style=\"color: #333333;\">Caja a medida<\/span><\/strong><\/h2>\n<h4><strong><span style=\"color: #419005;\">Combina los c\u00edtricos a tu gusto<\/span><\/strong><\/h4>\n<p>Puedes combinar cualquiera de los c\u00edtricos que cogemos en este momento de la temporada y hacer tu caja seg\u00fan tus necesidades y gustos. Ahora tenemos: <strong>Naranjas Navelinas, Pomelos Rosa <\/strong>\u00a0y <strong>Limones<\/strong>.<br \/>\n&nbsp;<\/p>\n<ul>\n<li>Primero elige la <strong>cantidad <\/strong>o formato de la caja: <em>5kg, 10kg o 15kg<\/em><\/li>\n<li>Despu\u00e9s la <strong>frecuencia de compra<\/strong>: <em>s\u00f3lo esta vez, semanal o quincenal<\/em><\/li>\n<li>Por \u00faltimo <strong>anota<\/strong> en el cajet\u00edn tu combinaci\u00f3n de c\u00edtricos<\/li>\n<\/ul>\n<p>&nbsp;<\/p>\n<hr \/>\n<h2 style=\"text-align: center;\"><strong><span style=\"color: #ff6f24;\">\u2713 Los pedidos antes de las 14:00h se entregan al d\u00eda siguiente<\/span><\/strong><\/h2>\n<hr \/>\n<p>&nbsp;<\/p>\n<div class='estacionalitatcont'><h2 class='estatitle'>Estacionalidad<\/h2><br><div class='mesesta'><div class='mestitol'>ENE<\/div><div class='mesresult'>S\u00cd<\/div><\/div><div class='mesesta'><div class='mestitol'>FEB<\/div><div class='mesresult'>S\u00cd<\/div><\/div><div class='mesesta'><div class='mestitol'>MAR<\/div><div class='mesresult'>S\u00cd<\/div><\/div><div class='mesesta'><div class='mestitol'>ABR<\/div><div class='mesresult'>S\u00cd<\/div><\/div><div class='mesesta'><div class='mestitol'>MAY<\/div><div class='mesresult'>S\u00cd<\/div><\/div><div class='mesesta'><div class='mestitol'>JUN<\/div><div class='mesresult'>-<\/div><\/div><div class='mesesta'><div class='mestitol'>JUL<\/div><div class='mesresult'>-<\/div><\/div><div class='mesesta'><div class='mestitol'>AGO<\/div><div class='mesresult'>-<\/div><\/div><div class='mesesta'><div class='mestitol'>SEP<\/div><div class='mesresult'>-<\/div><\/div><div class='mesesta'><div class='mestitol'>OCT<\/div><div class='mesresult'>-<\/div><\/div><div class='mesesta'><div class='mestitol'>NOV<\/div><div class='mesresult'>S\u00cd<\/div><\/div><div class='mesesta'><div class='mestitol'>DIC<\/div><div class='mesresult'>S\u00cd<\/div><\/div><\/div>\n","protected":false},"excerpt":{"rendered":"<h4><span style=\"background-color: #ffff99;\"><strong> PAGA DESPU\u00c9S DE PROBARLAS <\/strong><\/span><span style=\"font-family: 'comic sans ms', sans-serif; color: #333333;\"><strong>\u00a0<a href=\"https:\/\/www.tarongesnostres.cat\/es\/formas-de-pago\/\" target=\"_blank\" rel=\"noopener noreferrer\">\u2295<\/a><\/strong><\/span><\/h4>\n<hr \/>\n<p><img loading=\"lazy\" decoding=\"async\" class=\"max_width alignright\" src=\"https:\/\/tarongesnostres.cat\/wp-content\/uploads\/circuitcurt_color7.jpg\" alt=\"Venda de Proximitat - Circuit Curt\" width=\"100\" height=\"108\" \/><\/p>\n<h4 style=\"text-align: justify;\"><span style=\"color: #ff6600;\"><strong><span style=\"font-size: 18pt;\">Haz tu caja a medida<\/span><\/strong><\/span><\/h4>\n<h5><strong>Cajas de 5kg, 10kg o 15kg<\/strong><\/h5>\n<p><span style=\"color: #333333;\"><strong>\u27a4 <\/strong><\/span><span style=\"color: #333333; font-size: 10pt;\">Anota en el cajet\u00edn tu combinaci\u00f3n de c\u00edtricos.<\/span><\/p>\n<div id=\"linkfrequencia\"><em><span style=\"font-size: 9pt; color: #333333;\"><a style=\"color: #333333;\" rel=\"noopener noreferrer\" data-toggle=\"modal\" data-target=\"#modal-frquencia\">*\u00a0<u>M\u00e1s informaci\u00f3n sobre frecuencia de env\u00edo<\/u><\/a><\/span><\/em><\/div>\n<ul>\n<li><span style=\"color: #419005;\"><span style=\"font-size: 9pt;\">Peso Bruto <\/span><span style=\"font-size: 9pt;\"><em>(caja + producto)<\/em>.<\/span><\/span><\/li>\n<li><span style=\"color: #419005;\"><span style=\"font-size: 9pt;\">IVA y gastos de env\u00edo inclu\u00eddos.<\/span><\/span><\/li>\n<li style=\"text-align: justify;\"><span style=\"font-size: 9pt; color: #419005;\">Excepto Baleares, Canarias, Ceuta y Melilla.<\/span><\/li>\n<\/ul>\n<h4><span style=\"color: #ff0000;\">\u27a4<\/span><strong> Naranjas Navelate y Pomelos Rosa<\/strong><\/h4>\n","protected":false},"featured_media":79969,"comment_status":"open","ping_status":"closed","template":"","meta":{"_acf_changed":false},"product_brand":[],"product_cat":[154],"product_tag":[],"class_list":{"0":"post-2285","1":"product","2":"type-product","3":"status-publish","4":"has-post-thumbnail","6":"product_cat-caja-a-medida","7":"pa_cantidad-10-kg-es","8":"pa_cantidad-15-kg-es","9":"pa_cantidad-5-kg-es","11":"first","12":"outofstock","13":"sale","14":"featured","15":"taxable","16":"shipping-taxable","17":"purchasable","18":"product-type-variable","19":"has-default-attributes"},"acf":[],"yoast_head":"<!-- This site is optimized with the Yoast SEO plugin v27.6 - https:\/\/yoast.com\/product\/yoast-seo-wordpress\/ -->\n<title>Comprar caja de c\u00edtricos a tu gusto - Taronges Nostres<\/title>\n<meta name=\"description\" content=\"Haz tu propia caja de c\u00edtricos combinando Naranjas, Mandarinas, Limones o Pomelos a tu gusto. 100% naturales, cosecha propia y del \u00e1rbol a casa en 24h.\" \/>\n<meta name=\"robots\" content=\"index, follow, max-snippet:-1, max-image-preview:large, max-video-preview:-1\" \/>\n<link rel=\"canonical\" href=\"https:\/\/tarongesnostres.cat\/es\/botiga\/pack-citricos\/\" \/>\n<meta property=\"og:locale\" content=\"es_ES\" \/>\n<meta property=\"og:type\" content=\"article\" \/>\n<meta property=\"og:title\" content=\"Comprar caja de c\u00edtricos a tu gusto - Taronges Nostres\" \/>\n<meta property=\"og:description\" content=\"Haz tu propia caja de c\u00edtricos combinando Naranjas, Mandarinas, Limones o Pomelos a tu gusto. 100% naturales, cosecha propia y del \u00e1rbol a casa en 24h.\" \/>\n<meta property=\"og:url\" content=\"https:\/\/tarongesnostres.cat\/es\/botiga\/pack-citricos\/\" \/>\n<meta property=\"og:site_name\" content=\"Taronges Nostres\" \/>\n<meta property=\"article:publisher\" content=\"https:\/\/www.facebook.com\/tarongesnostres\" \/>\n<meta property=\"article:modified_time\" content=\"2026-01-19T19:13:13+00:00\" \/>\n<meta property=\"og:image\" content=\"https:\/\/tarongesnostres.cat\/wp-content\/uploads\/Pack_Ci\u0301trics_1000x664-2.jpg\" \/>\n\t<meta property=\"og:image:width\" content=\"1000\" \/>\n\t<meta property=\"og:image:height\" content=\"664\" \/>\n\t<meta property=\"og:image:type\" content=\"image\/jpeg\" \/>\n<meta name=\"twitter:label1\" content=\"Tiempo de lectura\" \/>\n\t<meta name=\"twitter:data1\" content=\"1 minuto\" \/>\n<script type=\"application\/ld+json\" class=\"yoast-schema-graph\">{\"@context\":\"https:\\\/\\\/schema.org\",\"@graph\":[{\"@type\":\"WebPage\",\"@id\":\"https:\\\/\\\/tarongesnostres.cat\\\/es\\\/botiga\\\/pack-citricos\\\/\",\"url\":\"https:\\\/\\\/tarongesnostres.cat\\\/es\\\/botiga\\\/pack-citricos\\\/\",\"name\":\"Comprar caja de c\u00edtricos a tu gusto - Taronges Nostres\",\"isPartOf\":{\"@id\":\"https:\\\/\\\/tarongesnostres.cat\\\/es\\\/#website\"},\"primaryImageOfPage\":{\"@id\":\"https:\\\/\\\/tarongesnostres.cat\\\/es\\\/botiga\\\/pack-citricos\\\/#primaryimage\"},\"image\":{\"@id\":\"https:\\\/\\\/tarongesnostres.cat\\\/es\\\/botiga\\\/pack-citricos\\\/#primaryimage\"},\"thumbnailUrl\":\"https:\\\/\\\/tarongesnostres.cat\\\/wp-content\\\/uploads\\\/Pack_Ci\u0301trics_1000x664-2.jpg\",\"datePublished\":\"2014-09-12T16:25:27+00:00\",\"dateModified\":\"2026-01-19T19:13:13+00:00\",\"description\":\"Haz tu propia caja de c\u00edtricos combinando Naranjas, Mandarinas, Limones o Pomelos a tu gusto. 100% naturales, cosecha propia y del \u00e1rbol a casa en 24h.\",\"breadcrumb\":{\"@id\":\"https:\\\/\\\/tarongesnostres.cat\\\/es\\\/botiga\\\/pack-citricos\\\/#breadcrumb\"},\"inLanguage\":\"es\",\"potentialAction\":[{\"@type\":\"ReadAction\",\"target\":[\"https:\\\/\\\/tarongesnostres.cat\\\/es\\\/botiga\\\/pack-citricos\\\/\"]}]},{\"@type\":\"ImageObject\",\"inLanguage\":\"es\",\"@id\":\"https:\\\/\\\/tarongesnostres.cat\\\/es\\\/botiga\\\/pack-citricos\\\/#primaryimage\",\"url\":\"https:\\\/\\\/tarongesnostres.cat\\\/wp-content\\\/uploads\\\/Pack_Ci\u0301trics_1000x664-2.jpg\",\"contentUrl\":\"https:\\\/\\\/tarongesnostres.cat\\\/wp-content\\\/uploads\\\/Pack_Ci\u0301trics_1000x664-2.jpg\",\"width\":1000,\"height\":664,\"caption\":\"different citrus fruit isolated on white background\"},{\"@type\":\"BreadcrumbList\",\"@id\":\"https:\\\/\\\/tarongesnostres.cat\\\/es\\\/botiga\\\/pack-citricos\\\/#breadcrumb\",\"itemListElement\":[{\"@type\":\"ListItem\",\"position\":1,\"name\":\"Portada\",\"item\":\"https:\\\/\\\/tarongesnostres.cat\\\/es\\\/\"},{\"@type\":\"ListItem\",\"position\":2,\"name\":\"TIENDA\",\"item\":\"https:\\\/\\\/tarongesnostres.cat\\\/es\\\/tienda\\\/\"},{\"@type\":\"ListItem\",\"position\":3,\"name\":\"Pack C\u00edtricos\"}]},{\"@type\":\"WebSite\",\"@id\":\"https:\\\/\\\/tarongesnostres.cat\\\/es\\\/#website\",\"url\":\"https:\\\/\\\/tarongesnostres.cat\\\/es\\\/\",\"name\":\"Taronges Nostres\",\"description\":\"Venta de naranjas, mandarinas y limones\",\"publisher\":{\"@id\":\"https:\\\/\\\/tarongesnostres.cat\\\/es\\\/#organization\"},\"potentialAction\":[{\"@type\":\"SearchAction\",\"target\":{\"@type\":\"EntryPoint\",\"urlTemplate\":\"https:\\\/\\\/tarongesnostres.cat\\\/es\\\/?s={search_term_string}\"},\"query-input\":{\"@type\":\"PropertyValueSpecification\",\"valueRequired\":true,\"valueName\":\"search_term_string\"}}],\"inLanguage\":\"es\"},{\"@type\":\"Organization\",\"@id\":\"https:\\\/\\\/tarongesnostres.cat\\\/es\\\/#organization\",\"name\":\"Taronges Nostres\",\"url\":\"https:\\\/\\\/tarongesnostres.cat\\\/es\\\/\",\"logo\":{\"@type\":\"ImageObject\",\"inLanguage\":\"es\",\"@id\":\"https:\\\/\\\/tarongesnostres.cat\\\/es\\\/#\\\/schema\\\/logo\\\/image\\\/\",\"url\":\"https:\\\/\\\/tarongesnostres.cat\\\/wp-content\\\/uploads\\\/logo_web.png\",\"contentUrl\":\"https:\\\/\\\/tarongesnostres.cat\\\/wp-content\\\/uploads\\\/logo_web.png\",\"width\":250,\"height\":75,\"caption\":\"Taronges Nostres\"},\"image\":{\"@id\":\"https:\\\/\\\/tarongesnostres.cat\\\/es\\\/#\\\/schema\\\/logo\\\/image\\\/\"},\"sameAs\":[\"https:\\\/\\\/www.facebook.com\\\/tarongesnostres\",\"https:\\\/\\\/x.com\\\/TarongesNostres\",\"https:\\\/\\\/instagram.com\\\/tarongesnostres\\\/\",\"https:\\\/\\\/www.linkedin.com\\\/company\\\/taronges-nostres\",\"https:\\\/\\\/www.youtube.com\\\/channel\\\/UCWnunJH4FtY1a-tN9ampW7Q\"]}]}<\/script>\n<!-- \/ Yoast SEO plugin. -->","yoast_head_json":{"title":"Comprar caja de c\u00edtricos a tu gusto - Taronges Nostres","description":"Haz tu propia caja de c\u00edtricos combinando Naranjas, Mandarinas, Limones o Pomelos a tu gusto. 100% naturales, cosecha propia y del \u00e1rbol a casa en 24h.","robots":{"index":"index","follow":"follow","max-snippet":"max-snippet:-1","max-image-preview":"max-image-preview:large","max-video-preview":"max-video-preview:-1"},"canonical":"https:\/\/tarongesnostres.cat\/es\/botiga\/pack-citricos\/","og_locale":"es_ES","og_type":"article","og_title":"Comprar caja de c\u00edtricos a tu gusto - Taronges Nostres","og_description":"Haz tu propia caja de c\u00edtricos combinando Naranjas, Mandarinas, Limones o Pomelos a tu gusto. 100% naturales, cosecha propia y del \u00e1rbol a casa en 24h.","og_url":"https:\/\/tarongesnostres.cat\/es\/botiga\/pack-citricos\/","og_site_name":"Taronges Nostres","article_publisher":"https:\/\/www.facebook.com\/tarongesnostres","article_modified_time":"2026-01-19T19:13:13+00:00","og_image":[{"width":1000,"height":664,"url":"https:\/\/tarongesnostres.cat\/wp-content\/uploads\/Pack_Ci\u0301trics_1000x664-2.jpg","type":"image\/jpeg"}],"twitter_misc":{"Tiempo de lectura":"1 minuto"},"schema":{"@context":"https:\/\/schema.org","@graph":[{"@type":"WebPage","@id":"https:\/\/tarongesnostres.cat\/es\/botiga\/pack-citricos\/","url":"https:\/\/tarongesnostres.cat\/es\/botiga\/pack-citricos\/","name":"Comprar caja de c\u00edtricos a tu gusto - Taronges Nostres","isPartOf":{"@id":"https:\/\/tarongesnostres.cat\/es\/#website"},"primaryImageOfPage":{"@id":"https:\/\/tarongesnostres.cat\/es\/botiga\/pack-citricos\/#primaryimage"},"image":{"@id":"https:\/\/tarongesnostres.cat\/es\/botiga\/pack-citricos\/#primaryimage"},"thumbnailUrl":"https:\/\/tarongesnostres.cat\/wp-content\/uploads\/Pack_Ci\u0301trics_1000x664-2.jpg","datePublished":"2014-09-12T16:25:27+00:00","dateModified":"2026-01-19T19:13:13+00:00","description":"Haz tu propia caja de c\u00edtricos combinando Naranjas, Mandarinas, Limones o Pomelos a tu gusto. 100% naturales, cosecha propia y del \u00e1rbol a casa en 24h.","breadcrumb":{"@id":"https:\/\/tarongesnostres.cat\/es\/botiga\/pack-citricos\/#breadcrumb"},"inLanguage":"es","potentialAction":[{"@type":"ReadAction","target":["https:\/\/tarongesnostres.cat\/es\/botiga\/pack-citricos\/"]}]},{"@type":"ImageObject","inLanguage":"es","@id":"https:\/\/tarongesnostres.cat\/es\/botiga\/pack-citricos\/#primaryimage","url":"https:\/\/tarongesnostres.cat\/wp-content\/uploads\/Pack_Ci\u0301trics_1000x664-2.jpg","contentUrl":"https:\/\/tarongesnostres.cat\/wp-content\/uploads\/Pack_Ci\u0301trics_1000x664-2.jpg","width":1000,"height":664,"caption":"different citrus fruit isolated on white background"},{"@type":"BreadcrumbList","@id":"https:\/\/tarongesnostres.cat\/es\/botiga\/pack-citricos\/#breadcrumb","itemListElement":[{"@type":"ListItem","position":1,"name":"Portada","item":"https:\/\/tarongesnostres.cat\/es\/"},{"@type":"ListItem","position":2,"name":"TIENDA","item":"https:\/\/tarongesnostres.cat\/es\/tienda\/"},{"@type":"ListItem","position":3,"name":"Pack C\u00edtricos"}]},{"@type":"WebSite","@id":"https:\/\/tarongesnostres.cat\/es\/#website","url":"https:\/\/tarongesnostres.cat\/es\/","name":"Taronges Nostres","description":"Venta de naranjas, mandarinas y limones","publisher":{"@id":"https:\/\/tarongesnostres.cat\/es\/#organization"},"potentialAction":[{"@type":"SearchAction","target":{"@type":"EntryPoint","urlTemplate":"https:\/\/tarongesnostres.cat\/es\/?s={search_term_string}"},"query-input":{"@type":"PropertyValueSpecification","valueRequired":true,"valueName":"search_term_string"}}],"inLanguage":"es"},{"@type":"Organization","@id":"https:\/\/tarongesnostres.cat\/es\/#organization","name":"Taronges Nostres","url":"https:\/\/tarongesnostres.cat\/es\/","logo":{"@type":"ImageObject","inLanguage":"es","@id":"https:\/\/tarongesnostres.cat\/es\/#\/schema\/logo\/image\/","url":"https:\/\/tarongesnostres.cat\/wp-content\/uploads\/logo_web.png","contentUrl":"https:\/\/tarongesnostres.cat\/wp-content\/uploads\/logo_web.png","width":250,"height":75,"caption":"Taronges Nostres"},"image":{"@id":"https:\/\/tarongesnostres.cat\/es\/#\/schema\/logo\/image\/"},"sameAs":["https:\/\/www.facebook.com\/tarongesnostres","https:\/\/x.com\/TarongesNostres","https:\/\/instagram.com\/tarongesnostres\/","https:\/\/www.linkedin.com\/company\/taronges-nostres","https:\/\/www.youtube.com\/channel\/UCWnunJH4FtY1a-tN9ampW7Q"]}]}},"_links":{"self":[{"href":"https:\/\/tarongesnostres.cat\/es\/wp-json\/wp\/v2\/product\/2285","targetHints":{"allow":["GET"]}}],"collection":[{"href":"https:\/\/tarongesnostres.cat\/es\/wp-json\/wp\/v2\/product"}],"about":[{"href":"https:\/\/tarongesnostres.cat\/es\/wp-json\/wp\/v2\/types\/product"}],"replies":[{"embeddable":true,"href":"https:\/\/tarongesnostres.cat\/es\/wp-json\/wp\/v2\/comments?post=2285"}],"wp:featuredmedia":[{"embeddable":true,"href":"https:\/\/tarongesnostres.cat\/es\/wp-json\/wp\/v2\/media\/79969"}],"wp:attachment":[{"href":"https:\/\/tarongesnostres.cat\/es\/wp-json\/wp\/v2\/media?parent=2285"}],"wp:term":[{"taxonomy":"product_brand","embeddable":true,"href":"https:\/\/tarongesnostres.cat\/es\/wp-json\/wp\/v2\/product_brand?post=2285"},{"taxonomy":"product_cat","embeddable":true,"href":"https:\/\/tarongesnostres.cat\/es\/wp-json\/wp\/v2\/product_cat?post=2285"},{"taxonomy":"product_tag","embeddable":true,"href":"https:\/\/tarongesnostres.cat\/es\/wp-json\/wp\/v2\/product_tag?post=2285"}],"curies":[{"name":"wp","href":"https:\/\/api.w.org\/{rel}","templated":true}]}}